{"id":912,"date":"2015-04-28T12:30:32","date_gmt":"2015-04-28T12:30:32","guid":{"rendered":"https:\/\/ngsec.eu\/2015\/?page_id=912"},"modified":"2015-05-14T08:58:09","modified_gmt":"2015-05-14T08:58:09","slug":"ngsec-2015-dlaczego-warto","status":"publish","type":"page","link":"https:\/\/ngsec.eu\/2015\/ngsec-2015-dlaczego-warto\/","title":{"rendered":"NGSec 2015 &#8211; dlaczego warto"},"content":{"rendered":"<div class=\"et_pb_section et_pb_inner_shadow et_section_regular\" style='background-color:#ececec;background-image:url(https:\/\/ngsec.eu\/2015\/wp-content\/uploads\/2015\/04\/main-menu-agenda.jpg);'>\n\t\t\t\n\t\t\t\n\t\t\t\t\n\t\t\t\t<div class=\"et_pb_row\">\n\t\t\t<div class=\"et_pb_column et_pb_column_4_4\">\n\t\t\t<div class=\"et_pb_text et_pb_bg_layout_light et_pb_text_align_center\">\n\t\t\t\n<div style=\"text-transform: uppercase;\">\n<h1>NGSec 2015<\/h1>\n<hr style=\"border: 0; height: 1px; width: 20%; background: rgba(0,0,0,0.5); margin: 20px auto;\" \/>\n<h5 style=\"color: #b4b4b4;\">dlaczego warto?<\/h5>\n<\/div>\n\n\t\t<\/div> <!-- .et_pb_text -->\n\t\t<\/div> <!-- .et_pb_column -->\n\t\t<\/div> <!-- .et_pb_row --><div class=\"et_pb_row\">\n\t\t\t<div class=\"et_pb_column et_pb_column_1_4\">\n\t\t\t<div class=\"et_pb_blurb et_pb_bg_layout_light et_pb_text_align_center et_pb_blurb_position_top\">\n\t\t\t<div class=\"et_pb_blurb_content\">\n\t\t\t\t<div class=\"et_pb_main_blurb_image\"><a href=\"https:\/\/ngsec.eu\/2015\/prelegenci\/\" target=\"_blank\"><span class=\"et-pb-icon et-waypoint et_pb_animation_top\" style=\"color: #3861c7;\">\ue07f<\/span><\/a><\/div>\n\t\t\t\t<h4><a href=\"https:\/\/ngsec.eu\/2015\/prelegenci\/\" target=\"_blank\">Znani prelegencji<\/a><\/h4>\n\t\t\t\t\n<p>z Polski i z zagranicy, kt\u00f3rzy na co dzie\u0144 zajmuj\u0105 si\u0119 bezpiecze\u0144stwem IT w najwi\u0119kszych \u015bwiatowych firmach<\/p>\n\n\t\t\t<\/div> <!-- .et_pb_blurb_content -->\n\t\t<\/div> <!-- .et_pb_blurb -->\n\t\t<\/div> <!-- .et_pb_column --><div class=\"et_pb_column et_pb_column_1_4\">\n\t\t\t<div class=\"et_pb_blurb et_pb_bg_layout_light et_pb_text_align_center et_pb_blurb_position_top\">\n\t\t\t<div class=\"et_pb_blurb_content\">\n\t\t\t\t<div class=\"et_pb_main_blurb_image\"><a href=\"https:\/\/ngsec.eu\/2015\/#agenda||main-schedule|2\" target=\"_blank\"><span class=\"et-pb-icon et-waypoint et_pb_animation_top\" style=\"color: #3861c7;\">I<\/span><\/a><\/div>\n\t\t\t\t<h4><a href=\"https:\/\/ngsec.eu\/2015\/#agenda||main-schedule|2\" target=\"_blank\">Pokazy LIVE<\/a><\/h4>\n\t\t\t\t\n<p>tylko na NGSec dostawcy poka\u017c\u0105 na \u017cywo wybrane rozwi\u0105zania systemowe<\/p>\n\n\t\t\t<\/div> <!-- .et_pb_blurb_content -->\n\t\t<\/div> <!-- .et_pb_blurb --><div class=\"et_pb_blurb et_pb_bg_layout_light et_pb_text_align_center et_pb_blurb_position_top\">\n\t\t\t<div class=\"et_pb_blurb_content\">\n\t\t\t\t<div class=\"et_pb_main_blurb_image\"><span class=\"et-pb-icon et-waypoint et_pb_animation_top\" style=\"color: #3861c7;\">\ue611<\/span><\/div>\n\t\t\t\t<h4>NGSec'owe After Party<\/h4>\n\t\t\t\t\n<p>na kt\u00f3rym poznasz i porozmawiasz z lud\u017ami z bran\u017cy Security IT w spos\u00f3b mniej formalny<\/p>\n\n\t\t\t<\/div> <!-- .et_pb_blurb_content -->\n\t\t<\/div> <!-- .et_pb_blurb -->\n\t\t<\/div> <!-- .et_pb_column --><div class=\"et_pb_column et_pb_column_1_4\">\n\t\t\t<div class=\"et_pb_blurb et_pb_bg_layout_light et_pb_text_align_center et_pb_blurb_position_top\">\n\t\t\t<div class=\"et_pb_blurb_content\">\n\t\t\t\t<div class=\"et_pb_main_blurb_image\"><a href=\"https:\/\/ngsec.eu\/2015\/tematyka-ngsec\/\" target=\"_blank\"><span class=\"et-pb-icon et-waypoint et_pb_animation_top\" style=\"color: #3861c7;\">q<\/span><\/a><\/div>\n\t\t\t\t<h4><a href=\"https:\/\/ngsec.eu\/2015\/tematyka-ngsec\/\" target=\"_blank\">Najbardziej aktualne tematy<\/a><\/h4>\n\t\t\t\t\n<p>dotycz\u0105ce bezpiecze\u0144stwa IT w Polsce i na \u015bwiecie<\/p>\n\n\t\t\t<\/div> <!-- .et_pb_blurb_content -->\n\t\t<\/div> <!-- .et_pb_blurb --><div class=\"et_pb_blurb et_pb_bg_layout_light et_pb_text_align_center et_pb_blurb_position_top\">\n\t\t\t<div class=\"et_pb_blurb_content\">\n\t\t\t\t<div class=\"et_pb_main_blurb_image\"><a href=\"https:\/\/ngsec.eu\/2015\/bezplatne-warsztaty-dla-uczestnikow-ngsec-2015\/\" target=\"_blank\"><span class=\"et-pb-icon et-waypoint et_pb_animation_top\" style=\"color: #3861c7;\">l<\/span><\/a><\/div>\n\t\t\t\t<h4><a href=\"https:\/\/ngsec.eu\/2015\/bezplatne-warsztaty-dla-uczestnikow-ngsec-2015\/\" target=\"_blank\">Darmowe warsztaty<\/a><\/h4>\n\t\t\t\t\n<p>kt\u00f3re odb\u0119d\u0105 si\u0119 1 czerwca w salach szkoleniowych w warszawskiej siedzibie Compendium CE<\/p>\n\n\t\t\t<\/div> <!-- .et_pb_blurb_content -->\n\t\t<\/div> <!-- .et_pb_blurb -->\n\t\t<\/div> <!-- .et_pb_column --><div class=\"et_pb_column et_pb_column_1_4\">\n\t\t\t<div class=\"et_pb_blurb et_pb_bg_layout_light et_pb_text_align_center et_pb_blurb_position_top\">\n\t\t\t<div class=\"et_pb_blurb_content\">\n\t\t\t\t<div class=\"et_pb_main_blurb_image\"><a href=\"https:\/\/ngsec.eu\/2015\/tematyka-ngsec\/\" target=\"_blank\"><span class=\"et-pb-icon et-waypoint et_pb_animation_top\" style=\"color: #3861c7;\">\ue08b<\/span><\/a><\/div>\n\t\t\t\t<h4><a href=\"https:\/\/ngsec.eu\/2015\/tematyka-ngsec\/\" target=\"_blank\">Najwi\u0119ksze grono dostawc\u00f3w<\/a><\/h4>\n\t\t\t\t\n<p>rozwi\u0105za\u0144 zapewniaj\u0105cych bezpiecze\u0144stwo informacji na tej samej konferencji w Polsce<\/p>\n\n\t\t\t<\/div> <!-- .et_pb_blurb_content -->\n\t\t<\/div> <!-- .et_pb_blurb -->\n\t\t<\/div> <!-- .et_pb_column -->\n\t\t<\/div> <!-- .et_pb_row --><div class=\"et_pb_row\">\n\t\t\t<div class=\"et_pb_column et_pb_column_4_4\">\n\t\t\t<div class=\"et_pb_promo et_pb_bg_layout_light et_pb_text_align_center button block black et_pb_no_bg\">\n\t\t\t<div class=\"et_pb_promo_description\">\n\t\t\t\t\n\t\t\t\t\n\t\t\t<\/div>\n\t\t\t<a class=\"et_pb_promo_button\" href=\"https:\/\/ngsec.eu\/2015\/bilety-ngsec2015\/\">Zarezerwuj bilety ju\u017c dzi\u015b!<\/a>\n\t\t<\/div><div class=\"et_pb_text et_pb_bg_layout_light et_pb_text_align_center\">\n\t\t\t\n<div style=\"text-transform: uppercase;\">\n<h3 style=\"text-align: center;\">Op\u0142ata za udzia\u0142 w NGSec 2015 obejmuje:<\/h3>\n<\/div>\n\n\t\t<\/div> <!-- .et_pb_text -->\n\t\t<\/div> <!-- .et_pb_column -->\n\t\t<\/div> <!-- .et_pb_row --><div class=\"et_pb_row\">\n\t\t\t<div class=\"et_pb_column et_pb_column_1_4\">\n\t\t\t<div class=\"et_pb_blurb et_pb_bg_layout_light et_pb_text_align_center et_pb_blurb_position_top\">\n\t\t\t<div class=\"et_pb_blurb_content\">\n\t\t\t\t<div class=\"et_pb_main_blurb_image\"><span class=\"et-pb-icon et-waypoint et_pb_animation_top\" style=\"color: #3861c7;\">\ue027<\/span><\/div>\n\t\t\t\t<h4>Wst\u0119p na wyk\u0142ady i pokazy LIVE<\/h4>\n\t\t\t\t\n\t\t\t<\/div> <!-- .et_pb_blurb_content -->\n\t\t<\/div> <!-- .et_pb_blurb -->\n\t\t<\/div> <!-- .et_pb_column --><div class=\"et_pb_column et_pb_column_1_4\">\n\t\t\t<div class=\"et_pb_blurb et_pb_bg_layout_light et_pb_text_align_center et_pb_blurb_position_top\">\n\t\t\t<div class=\"et_pb_blurb_content\">\n\t\t\t\t<div class=\"et_pb_main_blurb_image\"><span class=\"et-pb-icon et-waypoint et_pb_animation_top\" style=\"color: #3861c7;\">\ue035<\/span><\/div>\n\t\t\t\t<h4>Darmowe warsztaty 1 czerwca<\/h4>\n\t\t\t\t\n\t\t\t<\/div> <!-- .et_pb_blurb_content -->\n\t\t<\/div> <!-- .et_pb_blurb -->\n\t\t<\/div> <!-- .et_pb_column --><div class=\"et_pb_column et_pb_column_1_4\">\n\t\t\t<div class=\"et_pb_blurb et_pb_bg_layout_light et_pb_text_align_center et_pb_blurb_position_top\">\n\t\t\t<div class=\"et_pb_blurb_content\">\n\t\t\t\t<div class=\"et_pb_main_blurb_image\"><span class=\"et-pb-icon et-waypoint et_pb_animation_top\" style=\"color: #3861c7;\">\ue021<\/span><\/div>\n\t\t\t\t<h4>Materia\u0142y i gad\u017cety konferencyjne<\/h4>\n\t\t\t\t\n\t\t\t<\/div> <!-- .et_pb_blurb_content -->\n\t\t<\/div> <!-- .et_pb_blurb -->\n\t\t<\/div> <!-- .et_pb_column --><div class=\"et_pb_column et_pb_column_1_4\">\n\t\t\t<div class=\"et_pb_blurb et_pb_bg_layout_light et_pb_text_align_center et_pb_blurb_position_top\">\n\t\t\t<div class=\"et_pb_blurb_content\">\n\t\t\t\t<div class=\"et_pb_main_blurb_image\"><span class=\"et-pb-icon et-waypoint et_pb_animation_top\" style=\"color: #3861c7;\">w<\/span><\/div>\n\t\t\t\t<h4>Lunch, przerwy kawowe i After Party<\/h4>\n\t\t\t\t\n\t\t\t<\/div> <!-- .et_pb_blurb_content -->\n\t\t<\/div> <!-- .et_pb_blurb -->\n\t\t<\/div> <!-- .et_pb_column -->\n\t\t<\/div> <!-- .et_pb_row -->\n\t\t\t\n\t\t<\/div> <!-- .et_pb_section -->\n","protected":false},"excerpt":{"rendered":"","protected":false},"author":1,"featured_media":0,"parent":0,"menu_order":0,"comment_status":"open","ping_status":"open","template":"","meta":[],"_links":{"self":[{"href":"https:\/\/ngsec.eu\/2015\/wp-json\/wp\/v2\/pages\/912"}],"collection":[{"href":"https:\/\/ngsec.eu\/2015\/wp-json\/wp\/v2\/pages"}],"about":[{"href":"https:\/\/ngsec.eu\/2015\/wp-json\/wp\/v2\/types\/page"}],"author":[{"embeddable":true,"href":"https:\/\/ngsec.eu\/2015\/wp-json\/wp\/v2\/users\/1"}],"replies":[{"embeddable":true,"href":"https:\/\/ngsec.eu\/2015\/wp-json\/wp\/v2\/comments?post=912"}],"version-history":[{"count":19,"href":"https:\/\/ngsec.eu\/2015\/wp-json\/wp\/v2\/pages\/912\/revisions"}],"predecessor-version":[{"id":1182,"href":"https:\/\/ngsec.eu\/2015\/wp-json\/wp\/v2\/pages\/912\/revisions\/1182"}],"wp:attachment":[{"href":"https:\/\/ngsec.eu\/2015\/wp-json\/wp\/v2\/media?parent=912"}],"curies":[{"name":"wp","href":"https:\/\/api.w.org\/{rel}","templated":true}]}}