{"id":81,"date":"2015-01-16T10:46:33","date_gmt":"2015-01-16T10:46:33","guid":{"rendered":"https:\/\/ngsec.eu\/2015\/?page_id=81"},"modified":"2015-05-07T09:48:50","modified_gmt":"2015-05-07T09:48:50","slug":"bilety-ngsec2015","status":"publish","type":"page","link":"https:\/\/ngsec.eu\/2015\/bilety-ngsec2015\/","title":{"rendered":"Bilety"},"content":{"rendered":"<div class=\"et_pb_section et_pb_inner_shadow et_section_regular\" style='background-color:#ececec;background-image:url(https:\/\/ngsec.eu\/2015\/wp-content\/uploads\/2015\/04\/main-menu-agenda.jpg);'>\n\t\t\t\n\t\t\t\n\t\t\t\t\n\t\t\t\t<div class=\"et_pb_row\">\n\t\t\t<div class=\"et_pb_column et_pb_column_4_4\">\n\t\t\t<div class=\"et_pb_text et_pb_bg_layout_light et_pb_text_align_center\">\n\t\t\t\n<div style=\"text-transform: uppercase;\">\n<h1>Bilety<\/h1>\n<hr style=\"border: 0; height: 1px; width: 20%; background: rgba(0,0,0,0.5); margin: 20px auto;\" \/>\n<h5 style=\"color: #b4b4b4;\">nie czekaj i zarezerwuj sw\u00f3j bilet ju\u017c dzi\u015b, liczba miejsc jest ograniczona!<\/h5>\n<\/div>\n\n\t\t<\/div> <!-- .et_pb_text --><hr class=\"et_pb_space\" style='height:60px;' \/><div id=\"ticket-table\" class=\"et_pb_pricing clearfix et_pb_pricing_3\">\n\t\t\t<div class=\"et_pb_pricing_table\">\n\t\t\t<div class=\"et_pb_pricing_heading\">\n\t\t\t\t<h2 class=\"et_pb_pricing_title\">marzec<\/h2>\n\t\t\t\t<span class=\"et_pb_best_value\">1-31 marca<\/span>\n\t\t\t<\/div> <!-- .et_pb_pricing_heading -->\n\t\t\t<div class=\"et_pb_pricing_content_top\">\n\t\t\t\t<span class=\"et_pb_et_price\"><span class=\"et_pb_dollar_sign\">PLN<\/span><span class=\"et_pb_sum\">350<\/span>\/NETTO<\/span>\n\t\t\t<\/div> <!-- .et_pb_pricing_content_top -->\n\t\t\t<div class=\"et_pb_pricing_content\">\n\t\t\t\t<ul class=\"et_pb_pricing\">\n\t\t\t\t\t<li>&nbsp;<\/li><li>&nbsp;<\/li>\n\t\t\t\t<\/ul>\n\t\t\t<\/div> <!-- .et_pb_pricing_content -->\n\t\t\t\n\t\t<\/div><div class=\"et_pb_pricing_table\">\n\t\t\t<div class=\"et_pb_pricing_heading\">\n\t\t\t\t<h2 class=\"et_pb_pricing_title\">kwiecie\u0144<\/h2>\n\t\t\t\t<span class=\"et_pb_best_value\">1-30 kwietnia<\/span>\n\t\t\t<\/div> <!-- .et_pb_pricing_heading -->\n\t\t\t<div class=\"et_pb_pricing_content_top\">\n\t\t\t\t<span class=\"et_pb_et_price\"><span class=\"et_pb_dollar_sign\">PLN<\/span><span class=\"et_pb_sum\">450<\/span>\/NETTO<\/span>\n\t\t\t<\/div> <!-- .et_pb_pricing_content_top -->\n\t\t\t<div class=\"et_pb_pricing_content\">\n\t\t\t\t<ul class=\"et_pb_pricing\">\n\t\t\t\t\t<li>&nbsp;<\/li><li>&nbsp;<\/li>\n\t\t\t\t<\/ul>\n\t\t\t<\/div> <!-- .et_pb_pricing_content -->\n\t\t\t\n\t\t<\/div><div class=\"et_pb_pricing_table et_pb_featured_table\">\n\t\t\t<div class=\"et_pb_pricing_heading\">\n\t\t\t\t<h2 class=\"et_pb_pricing_title\">maj<\/h2>\n\t\t\t\t<span class=\"et_pb_best_value\">1-31 maja<\/span>\n\t\t\t<\/div> <!-- .et_pb_pricing_heading -->\n\t\t\t<div class=\"et_pb_pricing_content_top\">\n\t\t\t\t<span class=\"et_pb_et_price\"><span class=\"et_pb_dollar_sign\">PLN<\/span><span class=\"et_pb_sum\">550<\/span>\/NETTO<\/span>\n\t\t\t<\/div> <!-- .et_pb_pricing_content_top -->\n\t\t\t<div class=\"et_pb_pricing_content\">\n\t\t\t\t<ul class=\"et_pb_pricing\">\n\t\t\t\t\t<li>&nbsp;<\/li><li>&nbsp;<\/li>\n\t\t\t\t<\/ul>\n\t\t\t<\/div> <!-- .et_pb_pricing_content -->\n\t\t\t<a class=\"et_pb_pricing_table_button\" href=\"https:\/\/ngsec.eu\/2015\/rejestracja\/\">Zarejestruj si\u0119!<\/a>\n\t\t<\/div>\n\t\t<\/div><hr class=\"et_pb_space\" style='height:60px;' \/><div class=\"et_pb_text et_pb_bg_layout_light et_pb_text_align_center\">\n\t\t\t\n<div style=\"text-transform: uppercase;\">\n<h1>Cena obejmuje<\/h1>\n<hr style=\"border: 0; height: 1px; width: 20%; background: rgba(0,0,0,0.5); margin: 20px auto;\" \/>\n<h5 style=\"color: #b4b4b4;\"><\/h5>\n<\/div>\n\n\t\t<\/div> <!-- .et_pb_text -->\n\t\t<\/div> <!-- .et_pb_column -->\n\t\t<\/div> <!-- .et_pb_row --><div class=\"et_pb_row\">\n\t\t\t<div class=\"et_pb_column et_pb_column_1_4\">\n\t\t\t<div class=\"et_pb_blurb et_pb_bg_layout_light et_pb_text_align_center et_pb_blurb_position_top\">\n\t\t\t<div class=\"et_pb_blurb_content\">\n\t\t\t\t<div class=\"et_pb_main_blurb_image\"><span class=\"et-pb-icon et-waypoint et_pb_animation_top\" style=\"color: #3861c7;\">\ue027<\/span><\/div>\n\t\t\t\t<h4>Wst\u0119p na wyk\u0142ady i pokazy LIVE<\/h4>\n\t\t\t\t\n\t\t\t<\/div> <!-- .et_pb_blurb_content -->\n\t\t<\/div> <!-- .et_pb_blurb -->\n\t\t<\/div> <!-- .et_pb_column --><div class=\"et_pb_column et_pb_column_1_4\">\n\t\t\t<div class=\"et_pb_blurb et_pb_bg_layout_light et_pb_text_align_center et_pb_blurb_position_top\">\n\t\t\t<div class=\"et_pb_blurb_content\">\n\t\t\t\t<div class=\"et_pb_main_blurb_image\"><a href=\"https:\/\/ngsec.eu\/2015\/#agenda||main-schedule|3\"><span class=\"et-pb-icon et-waypoint et_pb_animation_top\" style=\"color: #3861c7;\">\ue035<\/span><\/a><\/div>\n\t\t\t\t<h4><a href=\"https:\/\/ngsec.eu\/2015\/#agenda||main-schedule|3\">Darmowe warsztaty 1 czerwca<\/a><\/h4>\n\t\t\t\t\n\t\t\t<\/div> <!-- .et_pb_blurb_content -->\n\t\t<\/div> <!-- .et_pb_blurb -->\n\t\t<\/div> <!-- .et_pb_column --><div class=\"et_pb_column et_pb_column_1_4\">\n\t\t\t<div class=\"et_pb_blurb et_pb_bg_layout_light et_pb_text_align_center et_pb_blurb_position_top\">\n\t\t\t<div class=\"et_pb_blurb_content\">\n\t\t\t\t<div class=\"et_pb_main_blurb_image\"><span class=\"et-pb-icon et-waypoint et_pb_animation_top\" style=\"color: #3861c7;\">\ue021<\/span><\/div>\n\t\t\t\t<h4>Materia\u0142y i gad\u017cety konferencyjne<\/h4>\n\t\t\t\t\n\t\t\t<\/div> <!-- .et_pb_blurb_content -->\n\t\t<\/div> <!-- .et_pb_blurb -->\n\t\t<\/div> <!-- .et_pb_column --><div class=\"et_pb_column et_pb_column_1_4\">\n\t\t\t<div class=\"et_pb_blurb et_pb_bg_layout_light et_pb_text_align_center et_pb_blurb_position_top\">\n\t\t\t<div class=\"et_pb_blurb_content\">\n\t\t\t\t<div class=\"et_pb_main_blurb_image\"><span class=\"et-pb-icon et-waypoint et_pb_animation_top\" style=\"color: #3861c7;\">w<\/span><\/div>\n\t\t\t\t<h4>Lunch, przerwy kawowe i After Party<\/h4>\n\t\t\t\t\n\t\t\t<\/div> <!-- .et_pb_blurb_content -->\n\t\t<\/div> <!-- .et_pb_blurb -->\n\t\t<\/div> <!-- .et_pb_column -->\n\t\t<\/div> <!-- .et_pb_row -->\n\t\t\t\n\t\t<\/div> <!-- .et_pb_section -->\n","protected":false},"excerpt":{"rendered":"","protected":false},"author":1,"featured_media":0,"parent":0,"menu_order":0,"comment_status":"open","ping_status":"open","template":"","meta":[],"_links":{"self":[{"href":"https:\/\/ngsec.eu\/2015\/wp-json\/wp\/v2\/pages\/81"}],"collection":[{"href":"https:\/\/ngsec.eu\/2015\/wp-json\/wp\/v2\/pages"}],"about":[{"href":"https:\/\/ngsec.eu\/2015\/wp-json\/wp\/v2\/types\/page"}],"author":[{"embeddable":true,"href":"https:\/\/ngsec.eu\/2015\/wp-json\/wp\/v2\/users\/1"}],"replies":[{"embeddable":true,"href":"https:\/\/ngsec.eu\/2015\/wp-json\/wp\/v2\/comments?post=81"}],"version-history":[{"count":38,"href":"https:\/\/ngsec.eu\/2015\/wp-json\/wp\/v2\/pages\/81\/revisions"}],"predecessor-version":[{"id":1066,"href":"https:\/\/ngsec.eu\/2015\/wp-json\/wp\/v2\/pages\/81\/revisions\/1066"}],"wp:attachment":[{"href":"https:\/\/ngsec.eu\/2015\/wp-json\/wp\/v2\/media?parent=81"}],"curies":[{"name":"wp","href":"https:\/\/api.w.org\/{rel}","templated":true}]}}