{"id":286,"date":"2015-02-24T14:04:18","date_gmt":"2015-02-24T14:04:18","guid":{"rendered":"https:\/\/ngsec.eu\/2015\/?page_id=286"},"modified":"2018-05-25T10:32:02","modified_gmt":"2018-05-25T10:32:02","slug":"polityka-prywatnosci","status":"publish","type":"page","link":"https:\/\/ngsec.eu\/2015\/polityka-prywatnosci\/","title":{"rendered":"Polityka prywatno\u015bci"},"content":{"rendered":"<p><div class=\"et_pb_section et_pb_fullwidth_section et_section_regular\" style='background-color:#ffffff;background-image:url(https:\/\/ngsec.eu\/2015\/wp-content\/uploads\/2015\/01\/ngsec-main-banner.png);'>\n\t\t\t\n\t\t\t\n\t\t\t\t\n\t\t\t\t<section class=\"et_pb_fullwidth_header et_pb_bg_layout_dark et_pb_text_align_left\">\n\t\t\t<div class=\"et_pb_row\">\n\t\t\t\t<h1>Polityka prywatno\u015bci<\/h1>\n\t\t\t\t\n\t\t\t<\/div>\n\t\t<\/section>\n\t\t\t\n\t\t<\/div> <!-- .et_pb_section --><div class=\"et_pb_section et_section_regular\">\n\t\t\t\n\t\t\t\n\t\t\t\t\n\t\t\t\t<div class=\"et_pb_row\">\n\t\t\t<div class=\"et_pb_column et_pb_column_4_4\">\n\t\t\t<div class=\"et_pb_text et_pb_bg_layout_light et_pb_text_align_left\">\n\t\t\t\n<h2 style=\"text-align: center;\"><strong>Polityka Prywatno\u015bci Compendium \u2013 Centrum Edukacyjne Sp\u00f3\u0142ka z o.o.<br \/>\nData ostatniej aktualizacji: 21 maja 2018 roku<\/strong><\/h2>\n<p>&nbsp;<\/p>\n<p>Niniejsza Polityka Prywatno\u015bci stanowi element polityki bezpiecze\u0144stwa danych osobowych sp\u00f3\u0142ki Compendium \u2013 Centrum Edukacyjne Sp\u00f3\u0142ka z o.o. z siedzib\u0105 w Krakowie, ul. Tatarska 5, 30-103 Krak\u00f3w (dalej: Compendium CE ). Polityka Prywatno\u015bci wyja\u015bnia:<\/p>\n<ol>\n<li style=\"list-style-type: upper-roman !important;\">Kim jest sp\u00f3\u0142ka Compendium CE<\/li>\n<li style=\"list-style-type: upper-roman !important;\">Jakie dane osobowe pozyskiwane s\u0105 przez Compendium CE<\/li>\n<li style=\"list-style-type: upper-roman !important;\">Jaki jest cel przetwarzania danych osobowych przez Compendium CE, oraz udost\u0119pniania ich podmiotom trzecim<\/li>\n<li style=\"list-style-type: upper-roman !important;\">Jakie s\u0105 \u017ar\u00f3d\u0142a pozyskania danych osobowych<\/li>\n<li style=\"list-style-type: upper-roman !important;\">Spos\u00f3b zabezpieczenia danych zapobiegaj\u0105cy naruszeniu przetwarzania danych<\/li>\n<li style=\"list-style-type: upper-roman !important;\">Obowi\u0105zki podmiot\u00f3w powierzaj\u0105cych i otrzymuj\u0105cych od Compendium CE dane osobowe os\u00f3b trzecich<\/li>\n<li style=\"list-style-type: upper-roman !important;\">Informacj\u0119 o prawach os\u00f3b, kt\u00f3rych dane osobowe Compendium CE przetwarza<\/li>\n<\/ol>\n<p>&nbsp;<\/p>\n<h3><strong>I. Kim jest sp\u00f3\u0142ka Compendium CE<\/strong><\/h3>\n<p>Compendium CE jest liderem w zakresie dostarczania szkole\u0144 teleinformatycznych. Compendium CE w swojej ofercie posiada oko\u0142o 30 Autoryzacji, co przek\u0142ada si\u0119 na oko\u0142o 700 szkole\u0144, kt\u00f3re odpowiadaj\u0105 wszystkim potrzeb\u0105 rynku szkoleniowego IT w Polsce, jak i w krajach Europy Wschodniej. Zgodnie z europejskimi przepisami Compendium CE jest administratorem danych osobowych. Poni\u017cej dane kontaktowe Compendium CE:<\/p>\n<p>Compendium \u2013 Centrum Edukacyjne Sp\u00f3\u0142ka z o.o.<br \/>\nul. Tatarska 5<br \/>\n30-103 Krak\u00f3w<\/p>\n<p>tel. 12 29 84 777<br \/>\nfax 12 29 84 778<br \/>\ne-mail: <a href=\"mailto:compendium@compendium.pl\">compendium@compendium.pl<\/a><\/p>\n<p>&nbsp;<\/p>\n<p>Aby zapewni\u0107 najwy\u017csze standardy zabezpieczenia danych osobowych Compendium CE wyznaczy\u0142a Inspektora Ochrony Danych (dalej jako &#8222;IOD&#8221;), kt\u00f3ry odpowiada za wdro\u017cenie, nadz\u00f3r i audyty przestrzegania polityki bezpiecze\u0144stwa danych osobowych, oraz zgodno\u015b\u0107 przetwarzania danych osobowych przez Compendium CE zgodnie z przepisami prawa. Poni\u017cej zamieszczamy dane IOD, w celu zapewnienia kontaktu w przypadku jakichkolwiek pyta\u0144 lub w\u0105tpliwo\u015bci:<\/p>\n<p>Inspektorem Ochrony Danych Compendium CE &#8211; adres email do kontaktu <a href=\"mailto:iod@compendium.pl\">iod@compendium.pl<\/a><\/p>\n<p>&nbsp;<\/p>\n<h3><strong>II. Jakie dane osobowe pozyskiwane s\u0105 przez Compendium CE:<\/strong><\/h3>\n<p>Rynek szkole\u0144 IT w Polsce na kt\u00f3rym Compendium CE prowadzi swoj\u0105 dzia\u0142alno\u015b\u0107, jest rynkiem us\u0142ug edukacyjnych, na kt\u00f3rym wyst\u0119puj\u0105 poni\u017csze podmioty:<\/p>\n<ol>\n<li style=\"list-style-type: lower-alpha;\">Producenci rozwi\u0105za\u0144 i sprz\u0119tu IT w tym szkole\u0144 i egzamin\u00f3w &#8211; b\u0119d\u0105cy zwykle przedsi\u0119biorstwami globalnymi lub polskimi, oferuj\u0105cymi swoje produkty i us\u0142ugi w wielu krajach<\/li>\n<li style=\"list-style-type: lower-alpha;\">Dystrybutorzy rozwi\u0105za\u0144 i sprz\u0119tu IT w tym szkole\u0144 i egzamin\u00f3w \u2013 b\u0119d\u0105cy przedsi\u0119biorcami globalnymi lub lokalnymi<\/li>\n<li style=\"list-style-type: lower-alpha;\">Dostawcy rozwi\u0105za\u0144 Egzaminacyjnych \u2013 b\u0119d\u0105cy przedsi\u0119biorcami globalnymi<\/li>\n<li style=\"list-style-type: lower-alpha;\">Resellerzy i integratorzy &#8211; b\u0119d\u0105cy zwykle przedsi\u0119biorcami lokalnymi<\/li>\n<li style=\"list-style-type: lower-alpha;\">Przedsi\u0119biorstwa doradcze &#8211; b\u0119d\u0105ce przedsi\u0119biorstwami globalnymi lub lokalnymi<\/li>\n<li style=\"list-style-type: lower-alpha;\">Nabywcy instytucjonalny i nabywcy indywidualni produkt\u00f3w (us\u0142ug szkoleniowych, egzamin\u00f3w ) &#8211; b\u0119d\u0105cy u\u017cytkownikami ko\u0144cowymi<\/li>\n<\/ol>\n<p>Relacje pomi\u0119dzy ww. wymienionymi podmiotami mog\u0105 mie\u0107 charakter<\/p>\n<ul>\n<li>Doradztwa, doboru okre\u015blonych szkole\u0144, egzamin\u00f3w do preferencji nabywcy<\/li>\n<li>Realizacji us\u0142ugi szkoleniowej, edukacyjnej zgodnie z okre\u015blonymi preferencjami potencjalnego nabywcy, us\u0142ugi szkoleniowe to:\n<ol>\n<li style=\"list-style-type: lower-roman !important;\">Szkolenia Autoryzowane \u2013 dostarczone przez Producent\u00f3w, i Dostawc\u00f3w realizowane przez Compendium CE na mocy zawartych um\u00f3w, postanowie\u0144.<\/li>\n<li style=\"list-style-type: lower-roman !important;\">Szkolenia Autorskie \u2013 dostarczone i przygotowane przez Compendium CE.<\/li>\n<li style=\"list-style-type: lower-roman !important;\">Prezentacje<\/li>\n<li style=\"list-style-type: lower-roman !important;\">webinary<\/li>\n<li style=\"list-style-type: lower-roman !important;\">egzaminy<\/li>\n<li style=\"list-style-type: lower-roman !important;\">testy sprawdzaj\u0105ce wiedz\u0119<\/li>\n<\/ol>\n<\/li>\n<\/ul>\n<p>Na rynku Edukacji IT w Polsce wyst\u0119puj\u0105 segmenty rynkowe nabywc\u00f3w (klient\u00f3w ko\u0144cowych) klasyfikowane jako:<\/p>\n<ul>\n<li>instytucjonalni tzw. B2B: tj. organizacje, przedsi\u0119biorstwa i inne instytucje publiczne lub prywatne &#8211; reprezentowani w procesie przez osoby fizyczne b\u0119d\u0105ce ich pracownikami lub \u015bwiadcz\u0105ce na ich rzecz us\u0142ugi, na mocy innych stosunk\u00f3w prawnych np. umowa zlecenie, samozatrudnienie, podwykonawstwo<\/li>\n<li>prywatni tj. konsumenci tzw. B2C czyli osoby fizyczne<\/li>\n<\/ul>\n<p>Compendium CE na mocy stosownych um\u00f3w, porozumie\u0144, licencji prowadzi sprzeda\u017c szkole\u0144 i egzamin\u00f3w IT. Realizowana ona jest w obydwu segmentach klient\u00f3w, w okre\u015blonych przypadkach r\u00f3wnie\u017c za po\u015brednictwem partner\u00f3w handlowych.<\/p>\n<p>&nbsp;<\/p>\n<p>W zwi\u0105zku z prowadzon\u0105 dzia\u0142alno\u015bci\u0105 Compendium CE musi przetwarza\u0107 dane ww. podmiot\u00f3w oraz ich pracownik\u00f3w, a w okre\u015blonych przypadkach dane takie udost\u0119pnia\u0107 poszczeg\u00f3lnym ww. podmiotom. Compendium CE mo\u017ce gromadzi\u0107 niekt\u00f3re spo\u015br\u00f3d nast\u0119puj\u0105cych informacji:<\/p>\n<ul>\n<li>Imi\u0119, Nazwisko<\/li>\n<li>nr telefonu<\/li>\n<li>adres email<\/li>\n<li>firma<\/li>\n<li>zajmowane stanowisko<\/li>\n<li>firma pracodawcy<\/li>\n<li>NIP<\/li>\n<li>REGON<\/li>\n<li>PESEL<\/li>\n<li>adres korespondencyjny<\/li>\n<li>udzia\u0142 szkoleniach, egzaminach, promocjach, konferencjach organizowanych przez Compendium CE<\/li>\n<\/ul>\n<p>&nbsp;<\/p>\n<p>Compendium CE pozyskuje tak\u017ce dane niestanowi\u0105ce danych osobowych, takie jak Adres IP urz\u0105dzenia, z kt\u00f3rego korzysta osoba fizyczna, \u017ceby uzyska\u0107 dost\u0119p do us\u0142ug Compendium CE, informacje techniczne w tym o po\u0142\u0105czeniach internetowych i\/lub sieciowych, identyfikator urz\u0105dzenia\/komunikatora VoIP, dane dotycz\u0105ce logowania w tym m.in. data i godzina ostatniego logowania.<\/p>\n<p>Compendium CE zbiera tak\u017ce informacje zwi\u0105zane z Klientem poprzez pliki cookies, o czym informuje przy pierwszym zalogowaniu do strony internetowej Compendium CE.<\/p>\n<p>W wyj\u0105tkowych wypadkach zakres przetwarzanych danych mo\u017ce by\u0107 szerszy \u2013 z uwagi na szczeg\u00f3lne cele przetwarzania, o kt\u00f3rych osoba, kt\u00f3rej dane dotycz\u0105 zostanie poinformowana przy okazji zbierania takich danych.<\/p>\n<p>&nbsp;<\/p>\n<h3><strong>III. Jaki jest cel przetwarzania danych osobowych przez Compendium CE.<\/strong><\/h3>\n<p>Do przetwarzania danych Compendium CE zobligowane jest na mocy przepis\u00f3w prawa, w pozosta\u0142ych przypadkach podanie ich jest dobrowolne. Dane osobowe przetwarzane przez Compendium CE s\u0142u\u017c\u0105 g\u0142\u00f3wnie do kontakt\u00f3w w celu prowadzenia regularnych dzia\u0142a\u0144 biznesowych, stanowi\u0105cych przedmiot dzia\u0142alno\u015bci Compendium CE. Jak i dostarczeniu pe\u0142nej us\u0142ugi edukacyjnej zgodnej z wymaganiami nabywcy jak i prawami, obowi\u0105zkami narzuconymi przez Producenta, Dostawc\u0119 szkole\u0144 i egzamin\u00f3w wobec Compendium CE.<\/p>\n<p>&nbsp;<\/p>\n<p>Na regularne dzia\u0142ania biznesowe prowadzone przez Compenidum CE sk\u0142adaj\u0105 si\u0119 mi\u0119dzy innymi:<\/p>\n<ul>\n<li>przesy\u0142anie oferty handlowej Compendium CE<\/li>\n<li>wsparcie przedsprzeda\u017cne (dzia\u0142ania zwi\u0105zane z przygotowaniem , dostosowaniem us\u0142ugi szkoleniowej, egzaminacyjne do wymaga\u0144 nabywcy)<\/li>\n<li>kontakt w celu wykonania umowy na realizacj\u0119 us\u0142ugi szkoleniowej, egzaminacyjnej<\/li>\n<li>kontakt w celu wsparcia posprzeda\u017cowego<\/li>\n<li>marketing w\u0142asny<\/li>\n<li>przetwarzanie wynikaj\u0105ce z powszechnie obowi\u0105zuj\u0105cych przepis\u00f3w prawa \u2013 w tym podatkowych, celnych,<\/li>\n<li>udost\u0119pnianie danych ww. podmiotom trzecim w celu realizacji um\u00f3w<\/li>\n<li>dochodzenie i egzekucja roszcze\u0144<\/li>\n<li>dostarczanie wiedzy technicznej i biznesowej (mailing, webinary, eventy, konferencje)<\/li>\n<\/ul>\n<p>&nbsp;<\/p>\n<p>Udost\u0119pnianie danych osobowych podmiotom trzecim nast\u0119puje wy\u0142\u0105cznie w celu wykonania umowy, kt\u00f3rej stron\u0105 jest osoba, kt\u00f3rej dane dotycz\u0105, lub do podj\u0119cia dzia\u0142a\u0144 na \u017c\u0105danie osoby, kt\u00f3rej dane dotycz\u0105, przed zawarciem umowy, w tym uzyskania cen specjalnych, voucher\u00f3w egzaminacyjnych, stworzenie kont nabywc\u00f3w na platformach Producent\u00f3w, Dostawc\u00f3w. Dostarczenie wynik\u00f3w egzamin\u00f3w, certyfikat\u00f3w Producent\u00f3w, Dostawc\u00f3w potwierdzaj\u0105cych udzia\u0142 nabywcy w danej us\u0142udze, wsparcia posprzeda\u017cowego, realizacji gwarancji, zapewnienie aktualizacji i odnowie\u0144.<\/p>\n<p>&nbsp;<\/p>\n<p>Przedstawienie przez Compendium CE oferty mo\u017ce wymaga\u0107:<\/p>\n<ol>\n<li style=\"list-style-type: lower-alpha;\">Podania danych osobowych nabywcy ( w tym Klienta ko\u0144cowego, jego pracownik\u00f3w)<\/li>\n<li style=\"list-style-type: lower-alpha;\">Podanie danych osobowych po\u015brednika (resellera, ew. jego pracownika) w celu przygotowania oferty szkole\u0144, egzamin\u00f3w do odsprzeda\u017cy<\/li>\n<\/ol>\n<p>&nbsp;<\/p>\n<p>Nadto Compendium CE mo\u017ce by\u0107 zmuszona przez obiektywne warunki o charakterze ekonomicznym, prawnym lub technicznym do udostepnienia danych osobowych swoim dostawcom, producentom szkole\u0144 i egzamin\u00f3w w celu:<\/p>\n<ol>\n<li style=\"list-style-type: lower-alpha;\">uzyskania materia\u0142\u00f3w szkoleniowych dla nabywcy<\/li>\n<li style=\"list-style-type: lower-alpha;\">uzyskania certyfikat\u00f3w szkoleniowych, egzaminacyjnych dla nabywc\u00f3w<\/li>\n<li style=\"list-style-type: lower-alpha;\">stworzenia konta uczestnika szkolenia, egzaminu w portalu, aplikacji, platformie www wymaganej, wskazanej czy te\u017c dostarczonej przez Producenta, Dostawc\u0119<\/li>\n<li style=\"list-style-type: lower-alpha;\">procesowania zam\u00f3wienia<\/li>\n<li style=\"list-style-type: lower-alpha;\">uzyskania dost\u0119p\u00f3w do wynik\u00f3w egzamin\u00f3w dla nabywc\u00f3w<\/li>\n<li style=\"list-style-type: lower-alpha;\">weryfikacji danych osobowych w swoich systemach kontroli obrotu tzw. WSK<\/li>\n<li style=\"list-style-type: lower-alpha;\">weryfikacji danych osobowych w systemach kontroli obrotu producent\u00f3w tzw. Export Control<\/li>\n<li style=\"list-style-type: lower-alpha;\">aktywacji us\u0142ugi szkoleniowej, czy egzaminacyjnej bezpo\u015brednio u Producenta, czy Dostawcy<\/li>\n<li style=\"list-style-type: lower-alpha;\">Raportowania zrealizowanych us\u0142ug szkoleniowych, egzaminacyjnych.<\/li>\n<li style=\"list-style-type: lower-alpha;\">realizacji wsparcia posprzeda\u017cowego<\/li>\n<\/ol>\n<p>&nbsp;<\/p>\n<p>Nadto Compendium CE jest zmuszona przez obiektywne warunki o charakterze technicznym do przechowywania pozyskanych danych osobowych w celu<\/p>\n<ol>\n<li style=\"list-style-type: lower-alpha;\">realizacji dalszych us\u0142ug szkoleniowych, egzaminacyjnych<\/li>\n<li style=\"list-style-type: lower-alpha;\">realizacji postanowie\u0144 um\u00f3w zawartych z producentami, dostawcami, czy nabywcami w przypadku us\u0142ug o charakterze dofinansowanym<\/li>\n<li style=\"list-style-type: lower-alpha;\">realizacji us\u0142ug reklamacyjnych<\/li>\n<\/ol>\n<p>&nbsp;<\/p>\n<p>Maj\u0105c na uwadze powy\u017csze, Compendium CE wywodzi uzasadniony interes prawny do przetwarzania danych osobowych zgodnie wymogami RODO, oraz<\/p>\n<ol>\n<li style=\"list-style-type: lower-alpha;\">zobowi\u0105zuje si\u0119 do nie rozszerzania przyj\u0119tych ww. kryteri\u00f3w bez uzyskania wcze\u015bniejszej zgody w\u0142a\u015bcicieli danych<\/li>\n<li style=\"list-style-type: lower-alpha;\">uwzgl\u0119dnia i szanuje prawa w\u0142a\u015bcicieli danych zgodnie zobowi\u0105zuj\u0105cymi normami prawnymi w szczeg\u00f3lno\u015bci w obszarach\n<ul>\n<li>ochrony danych i ograniczania dost\u0119pu do nich wy\u0142\u0105cznie dla os\u00f3b upowa\u017cnionych<\/li>\n<li>przekazywania danych podmiotom trzecim, zw\u0142aszcza poza teren UE<\/li>\n<li>braku profilowania<\/li>\n<li>braku przetwarzania danych wra\u017cliwych<\/li>\n<li>tam gdzie to je uzasadnione technicznie i ekonomicznie oraz dozwolone prawnie stosowania pseudonimizacji<\/li>\n<li>notyfikacji o pozyskanych danych zgodnie art. 14 pkt 3b RODO<\/li>\n<\/ul>\n<\/li>\n<li style=\"list-style-type: lower-alpha;\">przyjmuje zwi\u0105zan\u0105 z tym odpowiedzialno\u015b\u0107 w tym tak\u017ce dotycz\u0105c\u0105 ew wycieku takich danych oraz odpowiedzialno\u015bci cywilnej i administracyjnej<\/li>\n<\/ol>\n<p>Je\u017celi Compendium CE b\u0119dzie musia\u0142a przetwarza\u0107 dane osobowe w jakichkolwiek innych celach &#8211; ka\u017cdorazowo przetwarzanie zostanie poprzedzone uzyskaniem zgody. Compendium CE nie udost\u0119pnia danych osobowych podmiotom trzecim w celach marketingowych.<\/p>\n<p>&nbsp;<\/p>\n<h3><strong>IV. Jakie s\u0105 \u017ar\u00f3d\u0142a pozyskania danych osobowych <\/strong><\/h3>\n<p>Compendium CE mo\u017ce pozyskiwa\u0107 dane osobowe w nast\u0119puj\u0105cy spos\u00f3b:<\/p>\n<ul>\n<li>Zgody bezpo\u015brednie na podstawie zapisu osoby na szkolenie, egzamin, konferencje organizowane przez Compendium CE, przez formularz www (stron\u0119 <a href=\"https:\/\/ngsec.eu\/\">ngsec.eu<\/a>) lub formularz dost\u0119pny w formie papierowej<\/li>\n<li>zgody bezpo\u015bredniej na podstawie zapisu osoby na egzamin realizowany przez Compendium CE , po przez platform\u0119 Producenta, Dostawcy egzaminu<\/li>\n<li>samodzielnej rejestracji u\u017cytkownik\u00f3w ko\u0144cowych drog\u0105 elektroniczn\u0105 w systemach Compendium CE, w celu uzyskania informacji o oferowanych przez ni\u0105 us\u0142ugach<\/li>\n<li>samodzielnej rejestracja drog\u0105 elektroniczn\u0105 po\u015brednik\u00f3w w systemach Compendium CE w celu uzyskania informacji o oferowanych przez Compendium CE us\u0142ugach<\/li>\n<li>powierzenie danych osobowych Compendium CE przez podmioty trzecie (obowi\u0105zki podmiot\u00f3w powierzaj\u0105cych Compendium CE dane osobowe os\u00f3b okre\u015bla punkt VI poni\u017cej)<\/li>\n<li>spotkania osobiste w trakcie kt\u00f3rych dochodzi do wymiany danych kontaktowych<\/li>\n<li>rozmowy telefonicznej po miedzy pracownikami Compendium CE, a nabywc\u0105 w trakcie kt\u00f3rej dochodzi do wymiany danych kontaktowych<\/li>\n<li>wykorzystanie istniej\u0105cych ju\u017c informacji zgromadzonych w bazach danych Compendium CE<\/li>\n<li>marketing cyfrowy (TBD)<\/li>\n<\/ul>\n<p>&nbsp;<\/p>\n<p>&nbsp;<\/p>\n<h3><strong>V. Spos\u00f3b zabezpieczenia danych zapobiegaj\u0105cy naruszeniu przetwarzania danych <\/strong><\/h3>\n<p>Dane osobowe przetwarzane przez Compendium CE przechowywane s\u0105 na zabezpieczonych serwerach w Polsce lub terenie Unii Europejskiej u dostawc\u00f3w us\u0142ug chmurowych spe\u0142niaj\u0105cych dyrektyw\u0119 GDPR\/RODO. Compendium CE wdro\u017cy\u0142 odpowiednie \u015brodki techniczne oraz organizacyjne w celu ochrony danych osobowych przed ich nieuprawnionym lub bezprawnych przetwarzaniem, w tym utrat\u0105, zniszczeniem lub uszkodzeniem.<\/p>\n<p>W przypadku danych osobowych przetwarzanych w formie papierowej, dane przechowywane s\u0105<br \/>\nw osobnych pomieszczeniach, do kt\u00f3rych dost\u0119p maj\u0105 tylko upowa\u017cnione osoby, a w przypadku przetwarzania danych w pomieszczeniach do kt\u00f3rych dost\u0119p ma wi\u0119ksza liczba os\u00f3b, dane przechowywane s\u0105 w zamykanych szafach, do kt\u00f3rych klucze posiadaj\u0105 wy\u0142\u0105cznie osobowy upowa\u017cnione do przetwarzania danych.<\/p>\n<p>Dane osobowe w zale\u017cno\u015bci od celu ich przetwarzania \u2013 przechowywane b\u0119d\u0105 tylko tak d\u0142ugo, jak b\u0119dzie to niezb\u0119dne do spe\u0142nienia cel\u00f3w okre\u015blonych w tej Polityce Prywatno\u015bci. W cz\u0119\u015bci przypadk\u00f3w przepisy prawa wymagaj\u0105 d\u0142u\u017cszego okresu przechowywania danych osobowych ni\u017c wynika to z um\u00f3w, czy z og\u00f3lnych cel\u00f3w w jakich dane zosta\u0142y powierzone do przetwarzania np.<br \/>\nw celach podatkowych, rozliczeniowych lub w celu spe\u0142nienia innych prawnych wymog\u00f3w oraz obowi\u0105zk\u00f3w &#8211; w takich przypadkach dane b\u0119d\u0105 przechowywane przez okres wynikaj\u0105cy z tych przepis\u00f3w.<\/p>\n<p>&nbsp;<\/p>\n<p>&nbsp;<\/p>\n<h3><strong>VI. Obowi\u0105zki podmiot\u00f3w powierzaj\u0105cych Compendium CE dane osobowe os\u00f3b trzecich <\/strong><\/h3>\n<p>Powierzaj\u0105c, udost\u0119pniaj\u0105c do Compendium CE, lub otrzymuj\u0105c od Compendium CE dane osobowe do przetwarzania, podmiot trzeci zobowi\u0105zuje si\u0119 do przestrzegania warunk\u00f3w niniejszej polityki, oraz w zale\u017cno\u015bci od celu w jakim dane osobowe zostaj\u0105 do Compendium CE udost\u0119pnione, podmiot ten zobowi\u0105zuje si\u0119 uzyska\u0107 wszelkie prawem wymagane zgody podmiot\u00f3w, kt\u00f3rych dane dotycz\u0105, w tym ale nie wy\u0142\u0105cznie na przekazanie tych danych do Compednium CE z prawem udost\u0119pnienia tych danych producentom i\/lub resellerom w celach wskazanych w niniejszej Polityce Prywatno\u015bci. Maj\u0105c na uwadze fakt, i\u017c w okre\u015blonych przypadkach Compendium CE mo\u017ce udost\u0119pni\u0107 dane osobowe podmiotowi trzeciemu, podmiot trzeci zobowi\u0105zuje si\u0119 stosowa\u0107 do poni\u017cszych obowi\u0105zk\u00f3w, niezale\u017cnie od faktu czy wyst\u0119puje jako podmiot powierzaj\u0105cy czy jako podmiot, kt\u00f3remu Compendium CE powierzy\u0142 lub udost\u0119pni\u0142 dane do przetwarzania.<\/p>\n<p>Z chwil\u0105 przekazania do Compendium CE danych osobowych lub uzyskania danych od Compednium CE podmiot trzeci potwierdza i\u017c przyjmuje na siebie i zwolni Compendium CE z jakiejkolwiek odpowiedzialno\u015bci wynikaj\u0105cej z braku uzyskania przez podmiot trzeci odpowiednich zg\u00f3d os\u00f3b, kt\u00f3rych dane dotycz\u0105, a w przypadku na\u0142o\u017cenia na Compendium CE kary administracyjnej lub obowi\u0105zku zap\u0142aty odszkodowania, podmiot ten zobowi\u0105zuje si\u0119 na pierwsze wezwanie Compendium CE zap\u0142aci\u0107 kwot\u0119 r\u00f3wn\u0105 na\u0142o\u017conej karze i\/lub odszkodowaniu.<\/p>\n<p>Powierzaj\u0105cy, zobowi\u0105zuje si\u0119 w szczeg\u00f3lno\u015bci, ale nie wy\u0142\u0105cznie do:<\/p>\n<ol>\n<li style=\"list-style-type: decimal !important;\">Powierzania danych osobowych do przetwarzania na zasadach okre\u015blonych w Polityce Prywatno\u015bci, zgodnie z obowi\u0105zkami wynikaj\u0105cymi z RODO w szczeg\u00f3lno\u015bci z art. 28, oraz powi\u0105zanych z nim powszechnie obowi\u0105zuj\u0105cymi przepisami prawa polskiego.<\/li>\n<li style=\"list-style-type: decimal !important;\">Przetwarzania danych wy\u0142\u0105cznie w celu realizacji wsp\u00f3\u0142pracy, przez okres trwania wsp\u00f3\u0142pracy<br \/>\ni ew. zabezpieczania roszcze\u0144 z niej wynikaj\u0105cych chyba, \u017ce okres przechowywania danych wynika z powszechnie obowi\u0105zuj\u0105cych przepis\u00f3w prawa.<\/li>\n<li style=\"list-style-type: decimal !important;\">wykorzystania powierzonych mu przez Compendium CE danych osobowych wy\u0142\u0105cznie w celach wskazanych w momencie przekazania danych osobowych lub w terminie p\u00f3\u017aniejszym, po uprzedniej akceptacji ze strony Compendium CE.<\/li>\n<li style=\"list-style-type: decimal !important;\">zapewnienia wystarczaj\u0105cych gwarancji wdro\u017cenia odpowiednich \u015brodk\u00f3w technicznych<br \/>\ni organizacyjnych, by przetwarzanie spe\u0142nia\u0142o wymogi RODO i chroni\u0142o prawa os\u00f3b, kt\u00f3rych dane dotycz\u0105.<\/li>\n<li style=\"list-style-type: decimal !important;\">Uzyskania wszelkich wymaganych prawem zg\u00f3d uprawniaj\u0105cych do udost\u0119pnienia Compendium CE danych osobowych celem dokonania dalszego powierzenia na rzecz nast\u0119puj\u0105cych podmiot\u00f3w: autoryzowani dystrybutorzy produkt\u00f3w, producenci szkole\u0144 i egzamin\u00f3w, zewn\u0119trzne autoryzowane serwisy producenta. W przypadku gdy dla w\u0142a\u015bciwej realizacji zobowi\u0105za\u0144 wynikaj\u0105cych ze wsp\u00f3\u0142pracy konieczne b\u0119dzie dokonanie dalszego powierzenia przez Compendium CE w tym do pa\u0144stwa trzeciego, podmiot trzeci o\u015bwiadcza, \u017ce Compendium CE mo\u017ce tego dokona\u0107, oraz gwarantuje i\u017c ma prawo w tym celu udost\u0119pni\u0107 dane osobowe do Compendium CE, i \u017ce w zakresie tych danych podmiot trzeci uwa\u017cany jest za Administratora i wykonuje obowi\u0105zki okre\u015blone w art. 12, 13 i 14 RODO. O ile na Compendium CE ci\u0105\u017cy obowi\u0105zek informacyjny wynikaj\u0105cy z RODO, Strony umawiaj\u0105 si\u0119 i\u017c obowi\u0105zki te b\u0119d\u0105 wykonywane przez podmiot trzeci, i podmiot trzeci ponosi pe\u0142n\u0105 odpowiedzialno\u015b\u0107 wobec Compendium CE za prawid\u0142ow\u0105 realizacj\u0119 tych obowi\u0105zk\u00f3w, oraz odpowiada bez ogranicze\u0144 za ew. szkod\u0119 poniesion\u0105 przez Compendium CE z tytu\u0142u nieprawid\u0142owego wykonania tych obowi\u0105zk\u00f3w.<\/li>\n<li style=\"list-style-type: decimal !important;\">Po zako\u0144czeniu \u015bwiadczenia us\u0142ug zwi\u0105zanych z przetwarzaniem danych, podmiot trzeci ma obowi\u0105zek usun\u0105\u0107 lub zwr\u00f3ci\u0107 Compendium CE \u2013 zale\u017cnie od decyzji Compendium CE \u2013 wszelkie dane osobowe, kt\u00f3re zosta\u0142y mu powierzone, jak r\u00f3wnie\u017c usun\u0105\u0107 wszelkie ich istniej\u0105ce kopie, chyba \u017ce przetwarzanie b\u0119dzie niezb\u0119dne ze wzgl\u0119du na powszechnie obowi\u0105zuj\u0105ce przepisy prawa, lub w celach ustalenia, dochodzenia lub zabezpieczenia roszcze\u0144.<\/li>\n<\/ol>\n<p>&nbsp;<\/p>\n<h3><strong>VII. Informacje o prawach os\u00f3b, kt\u00f3rych dane osobowe przetwarza Compendium CE:<\/strong><\/h3>\n<p>Compendium CE zapewnia realizacj\u0119 nast\u0119puj\u0105cych praw przys\u0142uguj\u0105cych osobom, kt\u00f3rych dane osobowe s\u0105 przetwarzane:<\/p>\n<ol>\n<li style=\"list-style-type: decimal !important;\">prawo do informowania o przetwarzaniu danych osobowych<\/li>\n<li style=\"list-style-type: decimal !important;\">prawo dost\u0119pu do tre\u015bci przetwarzanych danych osobowych<\/li>\n<li style=\"list-style-type: decimal !important;\">prawo do sprostowania danych<\/li>\n<li style=\"list-style-type: decimal !important;\">prawo \u017c\u0105dania od Administratora usuni\u0119cia danych<\/li>\n<li style=\"list-style-type: decimal !important;\">prawo \u017c\u0105dania od Administratora ograniczenia przetwarzania danych<\/li>\n<li style=\"list-style-type: decimal !important;\">prawo do przenoszenia danych<\/li>\n<li style=\"list-style-type: decimal !important;\">prawo wniesienia sprzeciwu wobec przetwarzania danych<\/li>\n<li style=\"list-style-type: decimal !important;\">prawo wniesienia skargi do polskiego organu nadzorczego lub organu nadzorczego innego pa\u0144stwa cz\u0142onkowskiego Unii Europejskiej<\/li>\n<li style=\"list-style-type: decimal !important;\">prawo do cofni\u0119cia zgody na przetwarzanie danych osobowych w dowolnym momencie<\/li>\n<li style=\"list-style-type: decimal !important;\">prawo do uzyskania interwencji ludzkiej ze strony Administratora, wyra\u017cenia w\u0142asnego stanowiska i do zakwestionowania decyzji opartej na zautomatyzowanym przetwarzaniu danych.<\/li>\n<\/ol>\n<p>&nbsp;\n\t\t<\/div> <!-- .et_pb_text -->\n\t\t<\/div> <!-- .et_pb_column -->\n\t\t<\/div> <!-- .et_pb_row -->\n\t\t\t\n\t\t<\/div> <!-- .et_pb_section --><\/p>\n","protected":false},"excerpt":{"rendered":"","protected":false},"author":1,"featured_media":0,"parent":0,"menu_order":0,"comment_status":"open","ping_status":"open","template":"","meta":[],"_links":{"self":[{"href":"https:\/\/ngsec.eu\/2015\/wp-json\/wp\/v2\/pages\/286"}],"collection":[{"href":"https:\/\/ngsec.eu\/2015\/wp-json\/wp\/v2\/pages"}],"about":[{"href":"https:\/\/ngsec.eu\/2015\/wp-json\/wp\/v2\/types\/page"}],"author":[{"embeddable":true,"href":"https:\/\/ngsec.eu\/2015\/wp-json\/wp\/v2\/users\/1"}],"replies":[{"embeddable":true,"href":"https:\/\/ngsec.eu\/2015\/wp-json\/wp\/v2\/comments?post=286"}],"version-history":[{"count":3,"href":"https:\/\/ngsec.eu\/2015\/wp-json\/wp\/v2\/pages\/286\/revisions"}],"predecessor-version":[{"id":2061,"href":"https:\/\/ngsec.eu\/2015\/wp-json\/wp\/v2\/pages\/286\/revisions\/2061"}],"wp:attachment":[{"href":"https:\/\/ngsec.eu\/2015\/wp-json\/wp\/v2\/media?parent=286"}],"curies":[{"name":"wp","href":"https:\/\/api.w.org\/{rel}","templated":true}]}}