{"id":118,"date":"2015-01-16T12:18:15","date_gmt":"2015-01-16T12:18:15","guid":{"rendered":"https:\/\/ngsec.eu\/2015\/?page_id=118"},"modified":"2015-06-08T06:52:19","modified_gmt":"2015-06-08T06:52:19","slug":"kontakt","status":"publish","type":"page","link":"https:\/\/ngsec.eu\/2015\/kontakt\/","title":{"rendered":"Kontakt"},"content":{"rendered":"<p><div class=\"et_pb_section et_pb_fullwidth_section et_section_regular\">\n\t\t\t\n\t\t\t\n\t\t\t\t\n\t\t\t\t<div id=\"map\" class=\"et_pb_map_container\">\n\t\t\t<div class=\"et_pb_map\" data-center-lat=\"\" data-center-lng=\"\" data-zoom=\"18\" data-mouse-wheel=\"on\"><\/div>\n\t\t\t\n\t\t<\/div>\n\t\t\t\n\t\t<\/div> <!-- .et_pb_section --><div class=\"et_pb_section et_section_regular\">\n\t\t\t\n\t\t\t\n\t\t\t\t\n\t\t\t\t<div class=\"et_pb_row\">\n\t\t\t<div class=\"et_pb_column et_pb_column_1_4\">\n\t\t\t<div class=\"et_pb_text et_pb_bg_layout_light et_pb_text_align_left\">\n\t\t\t\n<h4 style=\"text-transform: uppercase; margin-bottom: 30px;\">Skontaktuj si\u0119<br \/>\nz nami<\/h4>\n<p>NGSec 2015<br \/>\n<span style=\"color: #008cfb;\">Centrum Nauki Kopernik<\/span><br \/>\nul. Wybrze\u017ce Ko\u015bciuszkowskie 20,<br \/>\n00-390 Warszawa<\/p>\n<p>Tel.: (12) 29 84 777\n\t\t<\/div> <!-- .et_pb_text -->\n\t\t<\/div> <!-- .et_pb_column --><div class=\"et_pb_column et_pb_column_1_2\">\n\t\t\t\n\t\t<div id=\"contact-form\" class=\"et_pb_contact_form_container clearfix\">\n\t\t\t\n\t\t\t\n\t\t\t\n\t\t\t<div class=\"et_pb_contact\">\n\t\t\t\t<div class=\"et-pb-contact-message\"><\/div>\n\n\t\t\t\t<form class=\"et_pb_contact_form clearfix\" method=\"post\" action=\"https:\/\/ngsec.eu\/2015\/kontakt\/\">\n\t\t\t\t\t<div class=\"et_pb_contact_left\">\n\t\t\t\t\t\t<p class=\"clearfix\">\n\t\t\t\t\t\t\t<label class=\"et_pb_contact_form_label\">Imi\u0119 i nazwisko<\/label>\n\t\t\t\t\t\t\t<input type=\"text\" class=\"input et_pb_contact_name\" value=\"Imi\u0119 i nazwisko\" name=\"et_pb_contact_name\">\n\t\t\t\t\t\t<\/p>\n\t\t\t\t\t\t<p class=\"clearfix\">\n\t\t\t\t\t\t\t<label class=\"et_pb_contact_form_label\">Email<\/label>\n\t\t\t\t\t\t\t<input type=\"text\" class=\"input et_pb_contact_email\" value=\"Email\" name=\"et_pb_contact_email\">\n\t\t\t\t\t\t<\/p>\n\t\t\t\t\t<\/div> <!-- .et_pb_contact_left -->\n\n\t\t\t\t\t<div class=\"clear\"><\/div>\n\t\t\t\t\t<p class=\"clearfix\">\n\t\t\t\t\t\t<label class=\"et_pb_contact_form_label\">Wiadomo\u015b\u0107<\/label>\n\t\t\t\t\t\t<textarea name=\"et_pb_contact_message\" class=\"et_pb_contact_message input\">Wiadomo\u015b\u0107<\/textarea>\n\t\t\t\t\t<\/p>\n\n\t\t\t\t\t<input type=\"hidden\" value=\"et_contact_proccess\" name=\"et_pb_contactform_submit\">\n\n\t\t\t\t\t<input type=\"submit\" value=\"Wy\u015blij\" class=\"et_pb_contact_submit\">\n\n\t\t\t\t\t\n\t\t<div class=\"et_pb_contact_right\">\n\t\t\t<p class=\"clearfix\">\n\t\t\t\t7 + 6 = <input type=\"text\" size=\"2\" class=\"input et_pb_contact_captcha\" value=\"\" name=\"et_pb_contact_captcha\">\n\t\t\t<\/p>\n\t\t<\/div> <!-- .et_pb_contact_right -->\n\n\t\t\t\t\t<input type=\"hidden\" id=\"_wpnonce-et-pb-contact-form-submitted\" name=\"_wpnonce-et-pb-contact-form-submitted\" value=\"77efc50f29\" \/><input type=\"hidden\" name=\"_wp_http_referer\" value=\"\/2015\/wp-json\/wp\/v2\/pages\/118\" \/>\n\t\t\t\t<\/form>\n\t\t\t<\/div> <!-- .et_pb_contact -->\n\t\t<\/div> <!-- .et_pb_contact_form_container -->\n\t\t\n\t\t<\/div> <!-- .et_pb_column --><div class=\"et_pb_column et_pb_column_1_4\">\n\t\t\t<div class=\"et_pb_text et_pb_bg_layout_light et_pb_text_align_left\">\n\t\t\t\n<h4 style=\"text-transform: uppercase; margin-bottom: 30px;\">Social Media<\/h4>\n<p>B\u0105d\u017a na bie\u017c\u0105co \u2013 polub nas na Facebooku!<\/p>\n<div class=\"et_pb_promo et_pb_bg_layout_light et_pb_text_align_center button block black small et_pb_no_bg\" style=\"margin-top: 30px;\"><a class=\"et_pb_promo_button\" href=\"https:\/\/www.facebook.com\/ngsec\">Facebook<\/a><\/div>\n\n\t\t<\/div> <!-- .et_pb_text -->\n\t\t<\/div> <!-- .et_pb_column -->\n\t\t<\/div> <!-- .et_pb_row -->\n\t\t\t\n\t\t<\/div> <!-- .et_pb_section --><\/p>\n","protected":false},"excerpt":{"rendered":"","protected":false},"author":1,"featured_media":0,"parent":0,"menu_order":0,"comment_status":"open","ping_status":"open","template":"page-template-contact.php","meta":[],"_links":{"self":[{"href":"https:\/\/ngsec.eu\/2015\/wp-json\/wp\/v2\/pages\/118"}],"collection":[{"href":"https:\/\/ngsec.eu\/2015\/wp-json\/wp\/v2\/pages"}],"about":[{"href":"https:\/\/ngsec.eu\/2015\/wp-json\/wp\/v2\/types\/page"}],"author":[{"embeddable":true,"href":"https:\/\/ngsec.eu\/2015\/wp-json\/wp\/v2\/users\/1"}],"replies":[{"embeddable":true,"href":"https:\/\/ngsec.eu\/2015\/wp-json\/wp\/v2\/comments?post=118"}],"version-history":[{"count":17,"href":"https:\/\/ngsec.eu\/2015\/wp-json\/wp\/v2\/pages\/118\/revisions"}],"predecessor-version":[{"id":1554,"href":"https:\/\/ngsec.eu\/2015\/wp-json\/wp\/v2\/pages\/118\/revisions\/1554"}],"wp:attachment":[{"href":"https:\/\/ngsec.eu\/2015\/wp-json\/wp\/v2\/media?parent=118"}],"curies":[{"name":"wp","href":"https:\/\/api.w.org\/{rel}","templated":true}]}}